{"id":17,"date":"2017-06-10T08:25:36","date_gmt":"2017-06-10T08:25:36","guid":{"rendered":"http:\/\/xtratheme.combuilding\/?page_id=8"},"modified":"2023-05-20T12:02:22","modified_gmt":"2023-05-20T12:02:22","slug":"biz-kimiz","status":"publish","type":"page","link":"https:\/\/cikmakoli.com\/index.php\/biz-kimiz\/","title":{"rendered":"Biz Kimiz?"},"content":{"rendered":"<div class=\"wpb-content-wrapper\"><p>[vc_row][vc_column]<div class=\"cz_gap clr  hide_on_mobile\" style=\"height: 50px\"><\/div><div class=\"cz_gap show_on_mobile clr\" style=\"height: 30px\"><\/div><div id=\"cz_18729\" class=\"cz_18729 cz_title clr cz_mobile_text_center cz_title_pos_inline tac\"><div class=\"cz_title_content\"><div class=\"cz_wpe_content\"><h2 style=\"text-align: center;\">Hizmetlerimiz ve<\/h2>\n<h2 style=\"text-align: center;\">\u0130\u015f modelimiz ile bizi tan\u0131y\u0131n<\/h2>\n<\/div><\/div><\/div><div class=\"cz_gap clr  hide_on_mobile\" style=\"height: 110px\"><\/div><div class=\"cz_gap show_on_mobile clr\" style=\"height: 70px\"><\/div>[\/vc_column][\/vc_row][vc_row][vc_column]<div class=\"cz_gap clr  hide_on_mobile\" style=\"height: 120px\"><\/div><div class=\"cz_gap show_on_mobile clr\" style=\"height: 40px\"><\/div>[\/vc_column][\/vc_row][vc_row][vc_column]<div class=\"cz_eqh cz_content_box_parent_fx  \"><div id=\"cz_67994\" class=\"cz_67994 cz_content_box clr\"><div class=\"cz_box_front clr\"><div class=\"cz_box_front_inner clr \"><span><\/span><div><div class=\"cz_gap clr \" style=\"height: 60px\"><\/div><\/div><\/div><\/div><\/div><\/div>[\/vc_column][\/vc_row][vc_row][vc_column]<div id=\"cz_101986\" class=\"cz_101986 cz_title clr cz_title_has_bg cz_title_pos_inline tac\"><div class=\"cz_title_shape shape_square cz_shape_1\"><\/div><div class=\"cz_title_content\"><div class=\"cz_wpe_content\"><h4 style=\"text-align: center;\"><span style=\"color: #ffffff;\">Neler Yap\u0131yoruz?<br \/>\n<\/span><\/h4>\n<\/div><\/div><\/div><div class=\"cz_gap clr \" style=\"height: 90px\"><\/div>[\/vc_column][\/vc_row][vc_row][vc_column width=&#8221;1\/3&#8243;]<div id=\"cz_44781\" class=\"cz_44781 cz_title clr cz_title_has_icon cz_title_pos_right tar wpb_animate_when_almost_visible fadeInLeft\"><div class=\"cz_title_content\"><div class=\"cz_wpe_content\"><h3 style=\"text-align: right;\">Geri D\u00f6n\u00fc\u015f\u00fcme<br \/>\nKatk\u0131 Sa\u011fl\u0131yoruz<\/h3>\n<\/div><span class=\"cz_title_icon_after cz_title_image\"><img decoding=\"async\" width=\"100\" height=\"100\" src=\"data:image\/svg+xml,%3Csvg%20xmlns%3D&#39;http%3A%2F%2Fwww.w3.org%2F2000%2Fsvg&#39;%20width=&#39;100&#39;%20height=&#39;100&#39;%20viewBox%3D&#39;0%200%20100%20100&#39;%2F%3E\" data-czlz data-src=\"https:\/\/cikmakoli.com\/wp-content\/uploads\/2019\/06\/ico1.png\" class=\"attachment-thumbnail\" alt=\"\" title=\"ico1\" \/><\/span><\/div><\/div><div class=\"cz_gap clr \" style=\"height: 50px\"><\/div><div id=\"cz_81843\" style=\"animation-delay:500ms;\" class=\"cz_81843 cz_title clr cz_title_has_icon cz_title_pos_right tar wpb_animate_when_almost_visible fadeInLeft\"><div class=\"cz_title_content\"><div class=\"cz_wpe_content\"><h3 style=\"text-align: right;\">\u00c7\u0131kma Koliler \u0130le<br \/>\nFiyat Avantaj\u0131<\/h3>\n<h3 style=\"text-align: right;\">Sa\u011fl\u0131yoruz<\/h3>\n<\/div><span class=\"cz_title_icon_after cz_title_image\"><img decoding=\"async\" width=\"100\" height=\"100\" src=\"data:image\/svg+xml,%3Csvg%20xmlns%3D&#39;http%3A%2F%2Fwww.w3.org%2F2000%2Fsvg&#39;%20width=&#39;100&#39;%20height=&#39;100&#39;%20viewBox%3D&#39;0%200%20100%20100&#39;%2F%3E\" data-czlz data-src=\"https:\/\/cikmakoli.com\/wp-content\/uploads\/2019\/06\/ico2.png\" class=\"attachment-thumbnail\" alt=\"\" title=\"ico2\" \/><\/span><\/div><\/div><div class=\"cz_gap clr \" style=\"height: 50px\"><\/div><div id=\"cz_58127\" style=\"animation-delay:1000ms;\" class=\"cz_58127 cz_title clr cz_title_has_icon cz_title_pos_right tar wpb_animate_when_almost_visible fadeInLeft\"><div class=\"cz_title_content\"><div class=\"cz_wpe_content\"><h3 style=\"text-align: right;\">Ekonomik<br \/>\n\u00dcr\u00fcnler Sunuyoruz<\/h3>\n<\/div><span class=\"cz_title_icon_after cz_title_image\"><img decoding=\"async\" width=\"100\" height=\"100\" src=\"data:image\/svg+xml,%3Csvg%20xmlns%3D&#39;http%3A%2F%2Fwww.w3.org%2F2000%2Fsvg&#39;%20width=&#39;100&#39;%20height=&#39;100&#39;%20viewBox%3D&#39;0%200%20100%20100&#39;%2F%3E\" data-czlz data-src=\"https:\/\/cikmakoli.com\/wp-content\/uploads\/2019\/06\/ico3.png\" class=\"attachment-thumbnail\" alt=\"\" title=\"ico3\" \/><\/span><\/div><\/div>[\/vc_column][vc_column width=&#8221;1\/3&#8243;]<div class=\"cz_gap clr \" style=\"height: 50px\"><\/div><div id=\"cz_62160\" class=\"cz_62160 cz_image clr cz_image_no_fx center_on_mobile\"><div class=\"\" ><div class=\"cz_image_in\"><div class=\"cz_main_image\"><img decoding=\"async\" width=\"600\" height=\"600\" src=\"data:image\/svg+xml,%3Csvg%20xmlns%3D&#39;http%3A%2F%2Fwww.w3.org%2F2000%2Fsvg&#39;%20width=&#39;600&#39;%20height=&#39;600&#39;%20viewBox%3D&#39;0%200%20600%20600&#39;%2F%3E\" data-czlz data-src=\"https:\/\/cikmakoli.com\/wp-content\/uploads\/2019\/06\/package1-1.jpg\" class=\"attachment-full\" alt=\"\" title=\"package1\" data-srcset=\"https:\/\/cikmakoli.com\/wp-content\/uploads\/2019\/06\/package1-1.jpg 600w, https:\/\/cikmakoli.com\/wp-content\/uploads\/2019\/06\/package1-1-100x100.jpg 100w, https:\/\/cikmakoli.com\/wp-content\/uploads\/2019\/06\/package1-1-300x300.jpg 300w, https:\/\/cikmakoli.com\/wp-content\/uploads\/2019\/06\/package1-1-150x150.jpg 150w\" data-sizes=\"(max-width: 600px) 100vw, 600px\" \/><\/div><\/div><\/div><\/div>[\/vc_column][vc_column width=&#8221;1\/3&#8243;]<div id=\"cz_89960\" class=\"cz_89960 cz_title clr cz_title_has_icon cz_title_pos_left wpb_animate_when_almost_visible fadeInRight\"><div class=\"cz_title_content\"><span class=\"cz_title_icon_before cz_title_image\"><img decoding=\"async\" width=\"100\" height=\"100\" src=\"data:image\/svg+xml,%3Csvg%20xmlns%3D&#39;http%3A%2F%2Fwww.w3.org%2F2000%2Fsvg&#39;%20width=&#39;100&#39;%20height=&#39;100&#39;%20viewBox%3D&#39;0%200%20100%20100&#39;%2F%3E\" data-czlz data-src=\"https:\/\/cikmakoli.com\/wp-content\/uploads\/2019\/06\/ico4.png\" class=\"attachment-thumbnail\" alt=\"\" title=\"ico4\" \/><\/span><div class=\"cz_wpe_content\"><h3 style=\"text-align: left;\">\u0130stedi\u011finiz Yere<\/h3>\n<h3 style=\"text-align: left;\">Sevkiyat<\/h3>\n<\/div><\/div><\/div><div class=\"cz_gap clr \" style=\"height: 50px\"><\/div><div id=\"cz_81899\" style=\"animation-delay:500ms;\" class=\"cz_81899 cz_title clr cz_title_has_icon cz_title_pos_left wpb_animate_when_almost_visible fadeInRight\"><div class=\"cz_title_content\"><span class=\"cz_title_icon_before cz_title_image\"><img decoding=\"async\" width=\"100\" height=\"100\" src=\"data:image\/svg+xml,%3Csvg%20xmlns%3D&#39;http%3A%2F%2Fwww.w3.org%2F2000%2Fsvg&#39;%20width=&#39;100&#39;%20height=&#39;100&#39;%20viewBox%3D&#39;0%200%20100%20100&#39;%2F%3E\" data-czlz data-src=\"https:\/\/cikmakoli.com\/wp-content\/uploads\/2019\/06\/ico5.png\" class=\"attachment-thumbnail\" alt=\"\" title=\"ico5\" \/><\/span><div class=\"cz_wpe_content\"><h3 style=\"text-align: left;\">H\u0131zl\u0131 Sevkiyat<\/h3>\n<h3 style=\"text-align: left;\">Ger\u00e7ekle\u015ftiriyoruz<\/h3>\n<\/div><\/div><\/div><div class=\"cz_gap clr \" style=\"height: 50px\"><\/div><div id=\"cz_108261\" style=\"animation-delay:1000ms;\" class=\"cz_108261 cz_title clr cz_title_has_icon cz_title_pos_left wpb_animate_when_almost_visible fadeInRight\"><div class=\"cz_title_content\"><span class=\"cz_title_icon_before cz_title_image\"><img decoding=\"async\" width=\"100\" height=\"100\" src=\"data:image\/svg+xml,%3Csvg%20xmlns%3D&#39;http%3A%2F%2Fwww.w3.org%2F2000%2Fsvg&#39;%20width=&#39;100&#39;%20height=&#39;100&#39;%20viewBox%3D&#39;0%200%20100%20100&#39;%2F%3E\" data-czlz data-src=\"https:\/\/cikmakoli.com\/wp-content\/uploads\/2019\/06\/ico6.png\" class=\"attachment-thumbnail\" alt=\"\" title=\"ico6\" \/><\/span><div class=\"cz_wpe_content\"><h3 style=\"text-align: left;\">Tam Zaman\u0131nda<\/h3>\n<h3 style=\"text-align: left;\">Ula\u015ft\u0131r\u0131yoruz<\/h3>\n<\/div><\/div><\/div><div class=\"cz_gap clr  hide_on_mobile\" style=\"height: 5px\"><\/div><div class=\"cz_gap show_on_mobile clr\" style=\"height: 60px\"><\/div>[\/vc_column][\/vc_row][vc_row][vc_column][\/vc_column][\/vc_row][vc_row][vc_column]<div class=\"cz_gap clr  hide_on_mobile\" style=\"height: 120px\"><\/div><div class=\"cz_gap show_on_mobile clr\" style=\"height: 40px\"><\/div>[vc_column_text]\u00c7\u0131kma Koli.com olarak<\/p>\n<p>G\u00fcn\u00fcm\u00fczde \u00e7evre bilincinin artmas\u0131yla birlikte, s\u00fcrd\u00fcr\u00fclebilirlik ve geri d\u00f6n\u00fc\u015f\u00fcm konular\u0131 daha da \u00f6nem kazanmaktad\u0131r. Bu kapsamda, ikinci el koli sat\u0131\u015f\u0131 hem ekonomik a\u00e7\u0131dan avantajl\u0131 hem de \u00e7evre dostu bir se\u00e7enek olarak \u00f6n plana \u00e7\u0131kmaktad\u0131r. \u0130kinci el koliler, kullan\u0131lm\u0131\u015f ancak hala i\u015flevsel olan kolilerdir ve tekrar kullan\u0131larak at\u0131k miktar\u0131n\u0131n azalt\u0131lmas\u0131na katk\u0131 sa\u011flar.<\/p>\n<p>\u0130kinci el koli sat\u0131\u015f\u0131, \u00f6zellikle ta\u015f\u0131mac\u0131l\u0131k, depolama veya nakliye i\u015fleriyle u\u011fra\u015fan ki\u015filer ve i\u015fletmeler i\u00e7in b\u00fcy\u00fck bir avantaj sunmaktad\u0131r. \u0130\u015fte ikinci el koli sat\u0131\u015f\u0131n\u0131n baz\u0131 \u00f6nemli faydalar\u0131:<\/p>\n<ol>\n<li>Ekonomik: \u0130kinci el koliler, yeni kolilere g\u00f6re daha uygun fiyatlarla sat\u0131lmaktad\u0131r. Bu, i\u015fletmelerin veya bireylerin b\u00fct\u00e7elerini korurken kaliteli ambalaj malzemelerine eri\u015fim sa\u011flamalar\u0131n\u0131 m\u00fcmk\u00fcn k\u0131lar. Ayn\u0131 zamanda, d\u00fc\u015f\u00fck maliyetlerle daha fazla say\u0131da koli alarak ta\u015f\u0131ma veya depolama ihtiya\u00e7lar\u0131n\u0131 daha verimli bir \u015fekilde kar\u015f\u0131layabilirler.<\/li>\n<li>\u00c7evre Dostu: \u0130kinci el kolilerin tekrar kullan\u0131lmas\u0131, at\u0131k miktar\u0131n\u0131 azalt\u0131r ve do\u011fal kaynaklar\u0131n daha verimli bir \u015fekilde kullan\u0131lmas\u0131n\u0131 sa\u011flar. Yeni kolilerin \u00fcretimi i\u00e7in gereken enerji, su ve di\u011fer kaynaklar ikinci el kolilerin tekrar kullan\u0131m\u0131yla tasarruf edilmi\u015f olur. Bu da \u00e7evresel etkilerin azalt\u0131lmas\u0131na ve s\u00fcrd\u00fcr\u00fclebilir bir gelecek i\u00e7in ad\u0131m at\u0131lmas\u0131na yard\u0131mc\u0131 olur.<\/li>\n<li>Esneklik ve \u00c7e\u015fitlilik: \u0130kinci el koli sat\u0131c\u0131lar\u0131 genellikle \u00e7e\u015fitli boyutlarda ve tiplerde koliler sunar. Bu da m\u00fc\u015fterilere ihtiya\u00e7lar\u0131na en uygun koliyi se\u00e7me imkan\u0131 verir. Ayr\u0131ca, ikinci el kolilerin \u00e7o\u011fu sa\u011flam ve kullan\u0131ma haz\u0131r durumda oldu\u011fu i\u00e7in h\u0131zl\u0131 bir \u015fekilde kullan\u0131ma ba\u015flanabilir.<\/li>\n<li>H\u0131zl\u0131 Teslimat: \u0130kinci el koli sat\u0131c\u0131lar\u0131 genellikle stoklar\u0131nda bir\u00e7ok koli bulundurur. Bu da m\u00fc\u015fterilere h\u0131zl\u0131 teslimat imkan\u0131 sunar. Acil ta\u015f\u0131ma veya depolama ihtiya\u00e7lar\u0131nda ikinci el koliler, zaman\u0131nda ve h\u0131zl\u0131 bir \u00e7\u00f6z\u00fcm sunar.<\/li>\n<\/ol>\n<p>Sonu\u00e7 olarak, ikinci el koli sat\u0131\u015f\u0131, ekonomik a\u00e7\u0131dan avantajl\u0131, \u00e7evre dostu ve esnek bir se\u00e7enektir. \u0130\u015fletmelerin ve bireylerin ta\u015f\u0131ma ve depolama ihtiya\u00e7lar\u0131n\u0131 uygun maliyetlerle kar\u015f\u0131lamalar\u0131na olanak tan\u0131rken, \u00e7evrenin korunmas\u0131na da katk\u0131 sa\u011flar. \u0130kinci el kolilerin kullan\u0131m\u0131, s\u00fcrd\u00fcr\u00fclebilirlik ve geri d\u00f6n\u00fc\u015f\u00fcm hedeflerine ula\u015fmada \u00f6nemli bir ad\u0131md\u0131r.[\/vc_column_text][\/vc_column][\/vc_row]<\/p>\n<\/div>","protected":false},"excerpt":{"rendered":"<p>[vc_row][vc_column][\/vc_column][\/vc_row][vc_row][vc_column][\/vc_column][\/vc_row][vc_row][vc_column][\/vc_column][\/vc_row][vc_row][vc_column][\/vc_column][\/vc_row][vc_row][vc_column width=&#8221;1\/3&#8243;][\/vc_column][vc_column width=&#8221;1\/3&#8243;][\/vc_column][vc_column width=&#8221;1\/3&#8243;][\/vc_column][\/vc_row][vc_row][vc_column][\/vc_column][\/vc_row][vc_row][vc_column][vc_column_text]\u00c7\u0131kma Koli.com olarak G\u00fcn\u00fcm\u00fczde \u00e7evre bilincinin artmas\u0131yla birlikte, &#8230; <\/p>\n","protected":false},"author":1,"featured_media":0,"parent":0,"menu_order":0,"comment_status":"closed","ping_status":"closed","template":"","meta":{"_joinchat":[],"footnotes":""},"class_list":["post-17","page","type-page","status-publish","hentry"],"jetpack_sharing_enabled":true,"_links":{"self":[{"href":"https:\/\/cikmakoli.com\/index.php\/wp-json\/wp\/v2\/pages\/17","targetHints":{"allow":["GET"]}}],"collection":[{"href":"https:\/\/cikmakoli.com\/index.php\/wp-json\/wp\/v2\/pages"}],"about":[{"href":"https:\/\/cikmakoli.com\/index.php\/wp-json\/wp\/v2\/types\/page"}],"author":[{"embeddable":true,"href":"https:\/\/cikmakoli.com\/index.php\/wp-json\/wp\/v2\/users\/1"}],"replies":[{"embeddable":true,"href":"https:\/\/cikmakoli.com\/index.php\/wp-json\/wp\/v2\/comments?post=17"}],"version-history":[{"count":9,"href":"https:\/\/cikmakoli.com\/index.php\/wp-json\/wp\/v2\/pages\/17\/revisions"}],"predecessor-version":[{"id":1370,"href":"https:\/\/cikmakoli.com\/index.php\/wp-json\/wp\/v2\/pages\/17\/revisions\/1370"}],"wp:attachment":[{"href":"https:\/\/cikmakoli.com\/index.php\/wp-json\/wp\/v2\/media?parent=17"}],"curies":[{"name":"wp","href":"https:\/\/api.w.org\/{rel}","templated":true}]}}