{"id":199,"date":"2013-06-07T11:03:56","date_gmt":"2013-06-07T11:03:56","guid":{"rendered":"http:\/\/demo.woothemes.com\/woocommerce\/?post_type=product&#038;p=50"},"modified":"2024-12-17T18:49:27","modified_gmt":"2024-12-17T18:49:27","slug":"80x50x50","status":"publish","type":"product","link":"https:\/\/cikmakoli.com\/index.php\/urun\/80x50x50\/","title":{"rendered":"80x50x50 Koli"},"content":{"rendered":"<p>80x50x50 \u00d6l\u00e7\u00fcs\u00fcnde \u00c7ift Oluklu Koli<\/p>\n","protected":false},"excerpt":{"rendered":"<p>80x50x50 \u00d6l\u00e7\u00fcs\u00fcnde \u00c7ift Oluklu Koli &#8230; <\/p>\n","protected":false},"featured_media":207,"template":"","meta":{"_joinchat":[]},"product_brand":[],"product_cat":[40,80],"product_tag":[],"class_list":{"0":"post-199","1":"product","2":"type-product","3":"status-publish","4":"has-post-thumbnail","6":"product_cat-boxes","7":"product_cat-storage-box","9":"first","10":"instock","11":"taxable","12":"shipping-taxable","13":"purchasable","14":"product-type-simple"},"jetpack_sharing_enabled":true,"_links":{"self":[{"href":"https:\/\/cikmakoli.com\/index.php\/wp-json\/wp\/v2\/product\/199","targetHints":{"allow":["GET"]}}],"collection":[{"href":"https:\/\/cikmakoli.com\/index.php\/wp-json\/wp\/v2\/product"}],"about":[{"href":"https:\/\/cikmakoli.com\/index.php\/wp-json\/wp\/v2\/types\/product"}],"wp:featuredmedia":[{"embeddable":true,"href":"https:\/\/cikmakoli.com\/index.php\/wp-json\/wp\/v2\/media\/207"}],"wp:attachment":[{"href":"https:\/\/cikmakoli.com\/index.php\/wp-json\/wp\/v2\/media?parent=199"}],"wp:term":[{"taxonomy":"product_brand","embeddable":true,"href":"https:\/\/cikmakoli.com\/index.php\/wp-json\/wp\/v2\/product_brand?post=199"},{"taxonomy":"product_cat","embeddable":true,"href":"https:\/\/cikmakoli.com\/index.php\/wp-json\/wp\/v2\/product_cat?post=199"},{"taxonomy":"product_tag","embeddable":true,"href":"https:\/\/cikmakoli.com\/index.php\/wp-json\/wp\/v2\/product_tag?post=199"}],"curies":[{"name":"wp","href":"https:\/\/api.w.org\/{rel}","templated":true}]}}