{"id":40,"date":"2013-06-07T11:00:28","date_gmt":"2013-06-07T11:00:28","guid":{"rendered":"http:\/\/demo.woothemes.com\/woocommerce\/?post_type=product&#038;p=40"},"modified":"2024-12-17T18:51:31","modified_gmt":"2024-12-17T18:51:31","slug":"ev-tasima-kolisi","status":"publish","type":"product","link":"https:\/\/cikmakoli.com\/index.php\/urun\/ev-tasima-kolisi\/","title":{"rendered":"Ev Ta\u015f\u0131ma Kolisi"},"content":{"rendered":"<p>Ev Ta\u015f\u0131ma Kolisi<\/p>\n","protected":false},"excerpt":{"rendered":"<p>Ev Ta\u015f\u0131ma Kolisi &#8230; <\/p>\n","protected":false},"featured_media":208,"template":"","meta":{"_joinchat":[]},"product_brand":[],"product_cat":[40,80],"product_tag":[],"class_list":{"0":"post-40","1":"product","2":"type-product","3":"status-publish","4":"has-post-thumbnail","6":"product_cat-boxes","7":"product_cat-storage-box","9":"first","10":"instock","11":"taxable","12":"shipping-taxable","13":"purchasable","14":"product-type-simple"},"jetpack_sharing_enabled":true,"_links":{"self":[{"href":"https:\/\/cikmakoli.com\/index.php\/wp-json\/wp\/v2\/product\/40","targetHints":{"allow":["GET"]}}],"collection":[{"href":"https:\/\/cikmakoli.com\/index.php\/wp-json\/wp\/v2\/product"}],"about":[{"href":"https:\/\/cikmakoli.com\/index.php\/wp-json\/wp\/v2\/types\/product"}],"wp:featuredmedia":[{"embeddable":true,"href":"https:\/\/cikmakoli.com\/index.php\/wp-json\/wp\/v2\/media\/208"}],"wp:attachment":[{"href":"https:\/\/cikmakoli.com\/index.php\/wp-json\/wp\/v2\/media?parent=40"}],"wp:term":[{"taxonomy":"product_brand","embeddable":true,"href":"https:\/\/cikmakoli.com\/index.php\/wp-json\/wp\/v2\/product_brand?post=40"},{"taxonomy":"product_cat","embeddable":true,"href":"https:\/\/cikmakoli.com\/index.php\/wp-json\/wp\/v2\/product_cat?post=40"},{"taxonomy":"product_tag","embeddable":true,"href":"https:\/\/cikmakoli.com\/index.php\/wp-json\/wp\/v2\/product_tag?post=40"}],"curies":[{"name":"wp","href":"https:\/\/api.w.org\/{rel}","templated":true}]}}